{"id":2,"date":"2022-01-26T21:20:24","date_gmt":"2022-01-26T21:20:24","guid":{"rendered":"https:\/\/altebockwinkel.de\/?page_id=2"},"modified":"2022-08-28T15:58:02","modified_gmt":"2022-08-28T15:58:02","slug":"sample-page","status":"publish","type":"page","link":"https:\/\/altebockwinkel.de\/","title":{"rendered":"Sample Page"},"content":{"rendered":"\n<p id=\"eine-homepage-gestalten-ist-wohl-mit-dem-bedarf-an-einigem-know-how-verbunden-habe-ich-nicht-und-die-geduld-dieses-know-how-zu-erwerben-habe-ich-aktuell-auch-nicht\">Eine Homepage gestalten ist wohl mit dem Bedarf <br>an einigem Know How verbunden. <br><br>Die Geduld, dieses Know How zu erwerben <br>habe ich aktuell nicht.<\/p>\n\n\n\n<p id=\"im-fruhjahr-2022-plane-ich-einfach-loszugehen-von-zu-hause-nach-santiago\">Im Fr\u00fchjahr 2022 plane ich, <br>einfach loszugehen. <br>Von zu Hause nach Santiago.<\/p>\n\n\n\n<p id=\"wer-ein-wenig-teilhaben-mochte-an-meinem-weg-der-kann-sich-mit-mir-in-verbindung-setzen-uber-das-kommentarfeld-unten-oder-auf-andere-weise\">Ich werde regelm\u00e4\u00dfig auf WhatsApp-Status posten.<br>Wer ein wenig teilhaben m\u00f6chte an meinem Weg, <br>der kann sich mit mir in Verbindung setzen. <br><br>\u00dcber das Kommentarfeld unten, oder auf andere Weise.<\/p>\n\n\n\n<div class=\"wp-block-columns is-style-twentytwentyone-columns-overlap is-layout-flex wp-container-core-columns-is-layout-9d6595d7 wp-block-columns-is-layout-flex\">\n<div class=\"wp-block-column is-layout-flow wp-block-column-is-layout-flow\" style=\"flex-basis:100%\">\n<figure class=\"wp-block-image size-large\"><img loading=\"lazy\" decoding=\"async\" width=\"1024\" height=\"615\" src=\"https:\/\/altebockwinkel.de\/wp-content\/uploads\/2022\/01\/IMG_20211222_154338-2-1024x615.jpg\" alt=\"\" class=\"wp-image-14\" srcset=\"https:\/\/altebockwinkel.de\/wp-content\/uploads\/2022\/01\/IMG_20211222_154338-2-1024x615.jpg 1024w, https:\/\/altebockwinkel.de\/wp-content\/uploads\/2022\/01\/IMG_20211222_154338-2-300x180.jpg 300w, https:\/\/altebockwinkel.de\/wp-content\/uploads\/2022\/01\/IMG_20211222_154338-2-768x461.jpg 768w, https:\/\/altebockwinkel.de\/wp-content\/uploads\/2022\/01\/IMG_20211222_154338-2-1536x923.jpg 1536w, https:\/\/altebockwinkel.de\/wp-content\/uploads\/2022\/01\/IMG_20211222_154338-2-973x584.jpg 973w, https:\/\/altebockwinkel.de\/wp-content\/uploads\/2022\/01\/IMG_20211222_154338-2-508x305.jpg 508w, https:\/\/altebockwinkel.de\/wp-content\/uploads\/2022\/01\/IMG_20211222_154338-2.jpg 1680w\" sizes=\"auto, (max-width: 1024px) 100vw, 1024px\" \/><figcaption>Auf den Weg gemacht&#8230;<\/figcaption><\/figure>\n<\/div>\n<\/div>\n\n\n\n<figure class=\"wp-block-image size-large\"><img loading=\"lazy\" decoding=\"async\" width=\"1024\" height=\"487\" src=\"https:\/\/altebockwinkel.de\/wp-content\/uploads\/2022\/01\/IMG_20220114_140241-2-1024x487.jpg\" alt=\"\" class=\"wp-image-15\" srcset=\"https:\/\/altebockwinkel.de\/wp-content\/uploads\/2022\/01\/IMG_20220114_140241-2-1024x487.jpg 1024w, https:\/\/altebockwinkel.de\/wp-content\/uploads\/2022\/01\/IMG_20220114_140241-2-300x143.jpg 300w, https:\/\/altebockwinkel.de\/wp-content\/uploads\/2022\/01\/IMG_20220114_140241-2-768x365.jpg 768w, https:\/\/altebockwinkel.de\/wp-content\/uploads\/2022\/01\/IMG_20220114_140241-2-1536x730.jpg 1536w, https:\/\/altebockwinkel.de\/wp-content\/uploads\/2022\/01\/IMG_20220114_140241-2-2048x974.jpg 2048w, https:\/\/altebockwinkel.de\/wp-content\/uploads\/2022\/01\/IMG_20220114_140241-2-973x463.jpg 973w, https:\/\/altebockwinkel.de\/wp-content\/uploads\/2022\/01\/IMG_20220114_140241-2-508x242.jpg 508w\" sizes=\"auto, (max-width: 1024px) 100vw, 1024px\" \/><figcaption>&#8230; ein Gru\u00df der Anwohner unterwegs &#8230;<\/figcaption><\/figure>\n\n\n\n<figure class=\"wp-block-image size-large\"><img loading=\"lazy\" decoding=\"async\" width=\"1024\" height=\"768\" src=\"https:\/\/altebockwinkel.de\/wp-content\/uploads\/2022\/01\/P1060320-1024x768.jpg\" alt=\"\" class=\"wp-image-16\" srcset=\"https:\/\/altebockwinkel.de\/wp-content\/uploads\/2022\/01\/P1060320-1024x768.jpg 1024w, https:\/\/altebockwinkel.de\/wp-content\/uploads\/2022\/01\/P1060320-300x225.jpg 300w, https:\/\/altebockwinkel.de\/wp-content\/uploads\/2022\/01\/P1060320-768x576.jpg 768w, https:\/\/altebockwinkel.de\/wp-content\/uploads\/2022\/01\/P1060320-1536x1152.jpg 1536w, https:\/\/altebockwinkel.de\/wp-content\/uploads\/2022\/01\/P1060320-2048x1536.jpg 2048w, https:\/\/altebockwinkel.de\/wp-content\/uploads\/2022\/01\/P1060320-973x730.jpg 973w, https:\/\/altebockwinkel.de\/wp-content\/uploads\/2022\/01\/P1060320-508x381.jpg 508w\" sizes=\"auto, (max-width: 1024px) 100vw, 1024px\" \/><figcaption>&#8230; da lang &#8230;<\/figcaption><\/figure>\n\n\n\n<figure class=\"wp-block-image size-large\"><img loading=\"lazy\" decoding=\"async\" width=\"1024\" height=\"768\" src=\"https:\/\/altebockwinkel.de\/wp-content\/uploads\/2022\/01\/P1130467-P1130113-1-1024x768.jpg\" alt=\"\" class=\"wp-image-34\" srcset=\"https:\/\/altebockwinkel.de\/wp-content\/uploads\/2022\/01\/P1130467-P1130113-1-1024x768.jpg 1024w, https:\/\/altebockwinkel.de\/wp-content\/uploads\/2022\/01\/P1130467-P1130113-1-300x225.jpg 300w, https:\/\/altebockwinkel.de\/wp-content\/uploads\/2022\/01\/P1130467-P1130113-1-768x576.jpg 768w, https:\/\/altebockwinkel.de\/wp-content\/uploads\/2022\/01\/P1130467-P1130113-1-1536x1152.jpg 1536w, https:\/\/altebockwinkel.de\/wp-content\/uploads\/2022\/01\/P1130467-P1130113-1-2048x1536.jpg 2048w, https:\/\/altebockwinkel.de\/wp-content\/uploads\/2022\/01\/P1130467-P1130113-1-1568x1176.jpg 1568w\" sizes=\"auto, (max-width: 1024px) 100vw, 1024px\" \/><figcaption>&#8230; da hin.<\/figcaption><\/figure>\n\n\n\n<p class=\"has-text-align-center\"><strong>Am 17.3. 2022 bin ich von zu Hause aufgebrochen<br>________________________________________________________________________<\/strong><\/p>\n\n\n\n<p>Stationen: <br>Wesel, K\u00f6ln, Worms, Metz, Langres, Dijon, Cluny, Le-Puy-en-Velay, Conques, Cahors, St. Palais, Irun, Bilbao, Oviedo, Lugo<\/p>\n\n\n\n<p>_________________________________________________________________________<\/p>\n\n\n\n<p><strong>Am 2.8.2022 bin ich nach 3084 km Fu\u00dfweg in Santiago de Compostela eingetroffen. Dazwischen liegen t\u00e4glich neue Erlebnisse. Sehr viele neue Bekanntschaften und Begegnungen mit interessanten Menschen. Das war ein &#8222;Once in a lifetime&#8220; Abenteuer.<\/strong><\/p>\n\n\n\n<figure class=\"wp-block-image size-large\"><img loading=\"lazy\" decoding=\"async\" width=\"1024\" height=\"768\" src=\"https:\/\/altebockwinkel.de\/wp-content\/uploads\/2022\/08\/IMG_20220804_141347-1024x768.jpg\" alt=\"\" class=\"wp-image-52\" srcset=\"https:\/\/altebockwinkel.de\/wp-content\/uploads\/2022\/08\/IMG_20220804_141347-1024x768.jpg 1024w, https:\/\/altebockwinkel.de\/wp-content\/uploads\/2022\/08\/IMG_20220804_141347-300x225.jpg 300w, https:\/\/altebockwinkel.de\/wp-content\/uploads\/2022\/08\/IMG_20220804_141347-768x576.jpg 768w, https:\/\/altebockwinkel.de\/wp-content\/uploads\/2022\/08\/IMG_20220804_141347-1536x1152.jpg 1536w, https:\/\/altebockwinkel.de\/wp-content\/uploads\/2022\/08\/IMG_20220804_141347-2048x1536.jpg 2048w, https:\/\/altebockwinkel.de\/wp-content\/uploads\/2022\/08\/IMG_20220804_141347-1568x1176.jpg 1568w\" sizes=\"auto, (max-width: 1024px) 100vw, 1024px\" \/><figcaption>Vor der Kathedrale in Santiago<br><br><\/figcaption><\/figure>\n\n\n\n<figure class=\"wp-block-image size-large\"><img loading=\"lazy\" decoding=\"async\" width=\"1024\" height=\"768\" src=\"https:\/\/altebockwinkel.de\/wp-content\/uploads\/2022\/08\/IMG_20220808_211727-1024x768.jpg\" alt=\"\" class=\"wp-image-53\" srcset=\"https:\/\/altebockwinkel.de\/wp-content\/uploads\/2022\/08\/IMG_20220808_211727-1024x768.jpg 1024w, https:\/\/altebockwinkel.de\/wp-content\/uploads\/2022\/08\/IMG_20220808_211727-300x225.jpg 300w, https:\/\/altebockwinkel.de\/wp-content\/uploads\/2022\/08\/IMG_20220808_211727-768x576.jpg 768w, https:\/\/altebockwinkel.de\/wp-content\/uploads\/2022\/08\/IMG_20220808_211727-1536x1152.jpg 1536w, https:\/\/altebockwinkel.de\/wp-content\/uploads\/2022\/08\/IMG_20220808_211727-2048x1536.jpg 2048w, https:\/\/altebockwinkel.de\/wp-content\/uploads\/2022\/08\/IMG_20220808_211727-1568x1176.jpg 1568w\" sizes=\"auto, (max-width: 1024px) 100vw, 1024px\" \/><figcaption>Zugabe: <br>Wanderung nach Fistera. <br>Kurz vor Sonnenuntergang am Cape Fistera \u00fcber den Wolken<\/figcaption><\/figure>\n\n\n\n<p class=\"has-text-align-center\">Seit 19.8.2022 bin ich wieder zu Hause. <br>Damit war ich fast genau f\u00fcnf Monate unterwegs. <br>Hier ist also nicht mehr viel zu tun. <br><br>Bis mir was neues einf\u00e4llt, das diesen Inhalt ersetzen kann. <\/p>\n","protected":false},"excerpt":{"rendered":"<p>Eine Homepage gestalten ist wohl mit dem Bedarf an einigem Know How verbunden. Die Geduld, dieses Know How zu erwerben habe ich aktuell nicht. Im Fr\u00fchjahr 2022 plane ich, einfach loszugehen. Von zu Hause nach Santiago. Ich werde regelm\u00e4\u00dfig auf WhatsApp-Status posten.Wer ein wenig teilhaben m\u00f6chte an meinem Weg, der kann sich mit mir in&hellip; <a class=\"more-link\" href=\"https:\/\/altebockwinkel.de\/\"><span class=\"screen-reader-text\">Sample Page<\/span> weiterlesen<\/a><\/p>\n","protected":false},"author":1,"featured_media":5,"parent":0,"menu_order":0,"comment_status":"open","ping_status":"open","template":"","meta":{"footnotes":""},"class_list":["post-2","page","type-page","status-publish","has-post-thumbnail","hentry","entry"],"jetpack_sharing_enabled":true,"_links":{"self":[{"href":"https:\/\/altebockwinkel.de\/index.php?rest_route=\/wp\/v2\/pages\/2","targetHints":{"allow":["GET"]}}],"collection":[{"href":"https:\/\/altebockwinkel.de\/index.php?rest_route=\/wp\/v2\/pages"}],"about":[{"href":"https:\/\/altebockwinkel.de\/index.php?rest_route=\/wp\/v2\/types\/page"}],"author":[{"embeddable":true,"href":"https:\/\/altebockwinkel.de\/index.php?rest_route=\/wp\/v2\/users\/1"}],"replies":[{"embeddable":true,"href":"https:\/\/altebockwinkel.de\/index.php?rest_route=%2Fwp%2Fv2%2Fcomments&post=2"}],"version-history":[{"count":13,"href":"https:\/\/altebockwinkel.de\/index.php?rest_route=\/wp\/v2\/pages\/2\/revisions"}],"predecessor-version":[{"id":60,"href":"https:\/\/altebockwinkel.de\/index.php?rest_route=\/wp\/v2\/pages\/2\/revisions\/60"}],"wp:featuredmedia":[{"embeddable":true,"href":"https:\/\/altebockwinkel.de\/index.php?rest_route=\/wp\/v2\/media\/5"}],"wp:attachment":[{"href":"https:\/\/altebockwinkel.de\/index.php?rest_route=%2Fwp%2Fv2%2Fmedia&parent=2"}],"curies":[{"name":"wp","href":"https:\/\/api.w.org\/{rel}","templated":true}]}}